{"id":679,"date":"2022-05-23T13:32:27","date_gmt":"2022-05-23T13:32:27","guid":{"rendered":"https:\/\/aikikai-faverges.fr\/?page_id=679"},"modified":"2022-08-09T09:54:40","modified_gmt":"2022-08-09T09:54:40","slug":"laikido-et-les-femmes","status":"publish","type":"page","link":"https:\/\/aikikai-faverges.fr\/?page_id=679","title":{"rendered":"l&rsquo;A\u00efkido et les Femmes"},"content":{"rendered":"<p>[et_pb_section fb_built=\u00a0\u00bb1&Prime; admin_label=\u00a0\u00bbHeader\u00a0\u00bb _builder_version=\u00a0\u00bb4.17.3&Prime; _module_preset=\u00a0\u00bbdefault\u00a0\u00bb use_background_color_gradient=\u00a0\u00bbon\u00a0\u00bb background_color_gradient_direction=\u00a0\u00bb120deg\u00a0\u00bb background_color_gradient_stops=\u00a0\u00bbrgba(0,37,68,0.7) 60%|rgba(0,37,68,0.5) 60%\u00a0\u00bb background_color_gradient_overlays_image=\u00a0\u00bbon\u00a0\u00bb background_color_gradient_start=\u00a0\u00bbrgba(0,37,68,0.7)\u00a0\u00bb background_color_gradient_start_position=\u00a0\u00bb60%\u00a0\u00bb background_color_gradient_end=\u00a0\u00bbrgba(0,37,68,0.5)\u00a0\u00bb background_color_gradient_end_position=\u00a0\u00bb60%\u00a0\u00bb background_image=\u00a0\u00bbhttps:\/\/aikikai-faverges.fr\/\/wp-content\/uploads\/2022\/05\/il_794xN.2002649224_rick-1.jpg\u00a0\u00bb parallax=\u00a0\u00bbon\u00a0\u00bb custom_padding=\u00a0\u00bb7vw|0px|7vw|0px|true|false\u00a0\u00bb global_colors_info=\u00a0\u00bb{}\u00a0\u00bb][et_pb_row column_structure=\u00a0\u00bb2_3,1_3&Prime; _builder_version=\u00a0\u00bb4.16&Prime; _module_preset=\u00a0\u00bbdefault\u00a0\u00bb custom_width_px__hover=\u00a0\u00bb1080px\u00a0\u00bb custom_width_px__hover_enabled=\u00a0\u00bb1080px\u00a0\u00bb custom_width_percent__hover=\u00a0\u00bb80%\u00a0\u00bb custom_width_percent__hover_enabled=\u00a0\u00bb80%\u00a0\u00bb global_colors_info=\u00a0\u00bb{}\u00a0\u00bb make_fullwidth__hover=\u00a0\u00bboff\u00a0\u00bb make_fullwidth__hover_enabled=\u00a0\u00bboff\u00a0\u00bb use_custom_width__hover=\u00a0\u00bboff\u00a0\u00bb use_custom_width__hover_enabled=\u00a0\u00bboff\u00a0\u00bb width_unit__hover=\u00a0\u00bbon\u00a0\u00bb width_unit__hover_enabled=\u00a0\u00bbon\u00a0\u00bb use_custom_gutter__hover=\u00a0\u00bboff\u00a0\u00bb use_custom_gutter__hover_enabled=\u00a0\u00bboff\u00a0\u00bb gutter_width__hover=\u00a0\u00bb3&Prime; gutter_width__hover_enabled=\u00a0\u00bb3&Prime; make_equal__hover=\u00a0\u00bboff\u00a0\u00bb make_equal__hover_enabled=\u00a0\u00bboff\u00a0\u00bb][et_pb_column type=\u00a0\u00bb2_3&Prime; _builder_version=\u00a0\u00bb4.16&Prime; _module_preset=\u00a0\u00bbdefault\u00a0\u00bb custom_padding=\u00a0\u00bb|||\u00a0\u00bb global_colors_info=\u00a0\u00bb{}\u00a0\u00bb custom_padding__hover=\u00a0\u00bb|||\u00a0\u00bb][et_pb_text _builder_version=\u00a0\u00bb4.16&Prime; _module_preset=\u00a0\u00bbdefault\u00a0\u00bb text_font=\u00a0\u00bbOpen Sans||||||||\u00a0\u00bb text_font_size=\u00a0\u00bb16px\u00a0\u00bb text_line_height=\u00a0\u00bb1.8em\u00a0\u00bb header_font=\u00a0\u00bbSquada One|||on|||||\u00a0\u00bb header_font_size=\u00a0\u00bb60px\u00a0\u00bb header_letter_spacing=\u00a0\u00bb1px\u00a0\u00bb header_line_height=\u00a0\u00bb1.1em\u00a0\u00bb background_layout=\u00a0\u00bbdark\u00a0\u00bb max_width=\u00a0\u00bb700px\u00a0\u00bb animation_style=\u00a0\u00bbfade\u00a0\u00bb text_font_size_tablet=\u00a0\u00bb\u00a0\u00bb text_font_size_phone=\u00a0\u00bb\u00a0\u00bb text_font_size_last_edited=\u00a0\u00bbon|desktop\u00a0\u00bb text_line_height_tablet=\u00a0\u00bb\u00a0\u00bb text_line_height_phone=\u00a0\u00bb\u00a0\u00bb text_line_height_last_edited=\u00a0\u00bbon|desktop\u00a0\u00bb header_font_size_tablet=\u00a0\u00bb\u00a0\u00bb header_font_size_phone=\u00a0\u00bb32px\u00a0\u00bb header_font_size_last_edited=\u00a0\u00bbon|phone\u00a0\u00bb global_colors_info=\u00a0\u00bb{}\u00a0\u00bb]<\/p>\n<h1>aikido<\/h1>\n<p>[\/et_pb_text][\/et_pb_column][et_pb_column type=\u00a0\u00bb1_3&Prime; _builder_version=\u00a0\u00bb4.16&Prime; _module_preset=\u00a0\u00bbdefault\u00a0\u00bb custom_padding=\u00a0\u00bb|||\u00a0\u00bb global_colors_info=\u00a0\u00bb{}\u00a0\u00bb custom_padding__hover=\u00a0\u00bb|||\u00a0\u00bb][\/et_pb_column][\/et_pb_row][et_pb_row _builder_version=\u00a0\u00bb4.17.3&Prime; _module_preset=\u00a0\u00bbdefault\u00a0\u00bb global_colors_info=\u00a0\u00bb{}\u00a0\u00bb][et_pb_column type=\u00a0\u00bb4_4&Prime; _builder_version=\u00a0\u00bb4.17.3&Prime; _module_preset=\u00a0\u00bbdefault\u00a0\u00bb global_colors_info=\u00a0\u00bb{}\u00a0\u00bb][et_pb_text _builder_version=\u00a0\u00bb4.17.3&Prime; _module_preset=\u00a0\u00bbdefault\u00a0\u00bb global_colors_info=\u00a0\u00bb{}\u00a0\u00bb]<\/p>\n<p><span style=\"color: #99ccff;\"><b>\u00ab\u00a0A\u00efki n\u2019est pas l\u2019art de la bataille avec l\u2019ennemi ; ce n\u2019est pas une technique de destruction de l\u2019adversaire, c\u2019est la voie de l\u2019harmonisation du monde qui fait de l\u2019humanit\u00e9 une seule nation.\u00a0\u00bb<\/b><\/span><\/p>\n<p><span style=\"color: #99ccff;\"><b>O&rsquo;Sensei<\/b><\/span><\/p>\n<p>[\/et_pb_text][\/et_pb_column][\/et_pb_row][\/et_pb_section][et_pb_section fb_built=\u00a0\u00bb1&Prime; admin_label=\u00a0\u00bbRoster\u00a0\u00bb _builder_version=\u00a0\u00bb4.16&Prime; _module_preset=\u00a0\u00bbdefault\u00a0\u00bb custom_padding=\u00a0\u00bb50.5156px|0px|110px|0px|false|false\u00a0\u00bb global_colors_info=\u00a0\u00bb{}\u00a0\u00bb][et_pb_row column_structure=\u00a0\u00bb1_2,1_2&Prime; _builder_version=\u00a0\u00bb4.17.3&Prime; _module_preset=\u00a0\u00bbdefault\u00a0\u00bb global_colors_info=\u00a0\u00bb{}\u00a0\u00bb][et_pb_column type=\u00a0\u00bb1_2&Prime; _builder_version=\u00a0\u00bb4.17.3&Prime; _module_preset=\u00a0\u00bbdefault\u00a0\u00bb global_colors_info=\u00a0\u00bb{}\u00a0\u00bb][et_pb_text _builder_version=\u00a0\u00bb4.17.3&Prime; _module_preset=\u00a0\u00bbdefault\u00a0\u00bb global_colors_info=\u00a0\u00bb{}\u00a0\u00bb][\/et_pb_text][et_pb_text _builder_version=\u00a0\u00bb4.17.3&Prime; _module_preset=\u00a0\u00bbdefault\u00a0\u00bb global_colors_info=\u00a0\u00bb{}\u00a0\u00bb]<\/p>\n<div>\n<div id=\"titre\"><strong>LA COMMISSION NATIONALE FEMININE<\/strong><\/div>\n<div><strong><\/strong><\/div>\n<div><strong><\/strong><\/div>\n<div><strong><\/strong><\/div>\n<div><\/div>\n<div>La Commission Nationale F\u00e9minine (CNF) a \u00e9t\u00e9 cr\u00e9\u00e9e, comme pour toute F\u00e9d\u00e9ration, \u00e0 la demande du minist\u00e8re des sports, de la jeunesse, de l\u2019\u00e9ducation populaire et de la vie associative, pour contribuer au d\u00e9veloppement plus \u00e9quitable d&rsquo;une mixit\u00e9 des genres dans notre soci\u00e9t\u00e9 et plus pr\u00e9cis\u00e9ment ici dans le domaine sportif.<\/div>\n<div>\n<p><span>La CNF a pour but de d\u00e9velopper, diffuser et perp\u00e9tuer l\u2019A\u00efkido de Ma\u00eetre Tamura en se focalisant plus sp\u00e9cifiquement sur le public f\u00e9minin et d\u2019apporter aux femmes tous les bienfaits de la pratique de notre art martial.<\/span><\/p>\n<p><span>Cette volont\u00e9 de mixit\u00e9 se traduit \u00e0 la fois dans le nombre de pratiquants et pratiquantes inscrits, mais aussi dans le nombre de grad\u00e9s ou encore de la place occup\u00e9e dans les instances administratives des clubs, Comit\u00e9s D\u00e9partementaux, Ligues, ou encore au niveau F\u00e9d\u00e9ral. L&rsquo;id\u00e9e n&rsquo;est donc pas de d\u00e9velopper une pratique diff\u00e9rente mais simplement de participer, \u00e0 petite \u00e9chelle, aux changements conceptuels de notre soci\u00e9t\u00e9 et \u00e0 une meilleure \u00e9galit\u00e9 entre hommes et femmes.<\/span><\/p>\n<\/div>\n<\/div>\n<div>\n<p><a name=\"acc2263\"><\/a><\/p>\n<div>\n<div>\u00a0<\/div>\n<div>\n<p><span>Une \u00e9quipe de six personnes anime la Commission Nationale F\u00e9minine<\/span><\/p>\n<p><a href=\"http:\/\/www.ffabaikido.fr\/fr\/cen_aikido.php?id_cen=105&amp;id_orga=1\">Dominique MASSIAS<\/a><span>\u00a0\u00a0(Coordinatrice),\u00a0<\/span><span><a href=\"https:\/\/www.ffabaikido.fr\/fr\/membre_aikido.php?id_cen=160\">B\u00e9atrice BARRERE<\/a>,\u00a0<a href=\"https:\/\/www.ffabaikido.fr\/fr\/membre_aikido.php?id_cen=190\">Anne-Laure GAILLARD<\/a>,\u00a0Yolaine CELLIER,\u00a0<a href=\"https:\/\/www.ffabaikido.fr\/fr\/membre_aikido.php?id_cen=155\">Nathalie GERIN-ROZE<\/a>,\u00a0<\/span><a href=\"http:\/\/www.ffabaikido.fr\/fr\/cen_aikido.php?id_cen=174&amp;id_orga=1\"><span>Youlika MICHALSKI<\/span><\/a><span>,<\/span><\/p>\n<\/div>\n<\/div>\n<\/div>\n<p>[\/et_pb_text][\/et_pb_column][et_pb_column type=\u00a0\u00bb1_2&Prime; _builder_version=\u00a0\u00bb4.17.3&Prime; _module_preset=\u00a0\u00bbdefault\u00a0\u00bb global_colors_info=\u00a0\u00bb{}\u00a0\u00bb][et_pb_image src=\u00a0\u00bbhttps:\/\/aikikai-faverges.fr\/wp-content\/uploads\/2022\/05\/Commission-Feminine-FFAB.jpg\u00a0\u00bb title_text=\u00a0\u00bbCommission F\u00e9minine FFAB\u00a0\u00bb _builder_version=\u00a0\u00bb4.17.3&Prime; _module_preset=\u00a0\u00bbdefault\u00a0\u00bb global_colors_info=\u00a0\u00bb{}\u00a0\u00bb][\/et_pb_image][\/et_pb_column][\/et_pb_row][et_pb_row _builder_version=\u00a0\u00bb4.17.3&Prime; _module_preset=\u00a0\u00bbdefault\u00a0\u00bb column_structure=\u00a0\u00bb1_2,1_2&Prime;][et_pb_column _builder_version=\u00a0\u00bb4.17.3&Prime; _module_preset=\u00a0\u00bbdefault\u00a0\u00bb type=\u00a0\u00bb1_2&Prime;][et_pb_video src=\u00a0\u00bbhttps:\/\/youtu.be\/mpYYdO4ZCBs\u00a0\u00bb _builder_version=\u00a0\u00bb4.17.3&Prime; _module_preset=\u00a0\u00bbdefault\u00a0\u00bb global_colors_info=\u00a0\u00bb{}\u00a0\u00bb][\/et_pb_video][\/et_pb_column][et_pb_column _builder_version=\u00a0\u00bb4.17.3&Prime; _module_preset=\u00a0\u00bbdefault\u00a0\u00bb type=\u00a0\u00bb1_2&Prime;][et_pb_video src=\u00a0\u00bbhttps:\/\/youtu.be\/_sRiPIMUAGQ\u00a0\u00bb _builder_version=\u00a0\u00bb4.17.3&Prime; _module_preset=\u00a0\u00bbdefault\u00a0\u00bb hover_enabled=\u00a0\u00bb0&Prime; global_colors_info=\u00a0\u00bb{}\u00a0\u00bb sticky_enabled=\u00a0\u00bb0&Prime;][\/et_pb_video][\/et_pb_column][\/et_pb_row][et_pb_row _builder_version=\u00a0\u00bb4.17.3&Prime; _module_preset=\u00a0\u00bbdefault\u00a0\u00bb global_colors_info=\u00a0\u00bb{}\u00a0\u00bb][et_pb_column type=\u00a0\u00bb4_4&Prime; _builder_version=\u00a0\u00bb4.17.3&Prime; _module_preset=\u00a0\u00bbdefault\u00a0\u00bb global_colors_info=\u00a0\u00bb{}\u00a0\u00bb][et_pb_text _builder_version=\u00a0\u00bb4.17.3&Prime; _module_preset=\u00a0\u00bbdefault\u00a0\u00bb global_colors_info=\u00a0\u00bb{}\u00a0\u00bb]<\/p>\n<p>(source : site FFAB <a href=\"http:\/\/www.ffab-aikido.fr\" target=\"_blank\" rel=\"noopener\">www.ffab-aikido.fr<\/a> )<\/p>\n<p>[\/et_pb_text][\/et_pb_column][\/et_pb_row][\/et_pb_section][et_pb_section fb_built=\u00a0\u00bb1&Prime; admin_label=\u00a0\u00bbFooter\u00a0\u00bb _builder_version=\u00a0\u00bb4.16&Prime; _module_preset=\u00a0\u00bbdefault\u00a0\u00bb background_color=\u00a0\u00bb#18252c\u00a0\u00bb background_color_gradient_direction=\u00a0\u00bb120deg\u00a0\u00bb custom_padding=\u00a0\u00bb80px|0px|80px|0px|false|false\u00a0\u00bb border_color_all=\u00a0\u00bb#00aaff\u00a0\u00bb border_width_top=\u00a0\u00bb10px\u00a0\u00bb global_colors_info=\u00a0\u00bb{}\u00a0\u00bb][\/et_pb_section]<\/p>\n","protected":false},"excerpt":{"rendered":"<p>aikido\u00a0\u00bbA\u00efki n\u2019est pas l\u2019art de la bataille avec l\u2019ennemi ; ce n\u2019est pas une technique de destruction de l\u2019adversaire, c\u2019est la voie de l\u2019harmonisation du monde qui fait de l\u2019humanit\u00e9 une seule nation.\u00a0\u00bb O&rsquo;Sensei LA COMMISSION NATIONALE FEMININE La Commission Nationale F\u00e9minine (CNF) a \u00e9t\u00e9 cr\u00e9\u00e9e, comme pour toute F\u00e9d\u00e9ration, \u00e0 la demande du minist\u00e8re [&hellip;]<\/p>\n","protected":false},"author":2,"featured_media":0,"parent":0,"menu_order":0,"comment_status":"closed","ping_status":"closed","template":"","meta":{"_et_pb_use_builder":"on","_et_pb_old_content":"","_et_gb_content_width":""},"_links":{"self":[{"href":"https:\/\/aikikai-faverges.fr\/index.php?rest_route=\/wp\/v2\/pages\/679"}],"collection":[{"href":"https:\/\/aikikai-faverges.fr\/index.php?rest_route=\/wp\/v2\/pages"}],"about":[{"href":"https:\/\/aikikai-faverges.fr\/index.php?rest_route=\/wp\/v2\/types\/page"}],"author":[{"embeddable":true,"href":"https:\/\/aikikai-faverges.fr\/index.php?rest_route=\/wp\/v2\/users\/2"}],"replies":[{"embeddable":true,"href":"https:\/\/aikikai-faverges.fr\/index.php?rest_route=%2Fwp%2Fv2%2Fcomments&post=679"}],"version-history":[{"count":4,"href":"https:\/\/aikikai-faverges.fr\/index.php?rest_route=\/wp\/v2\/pages\/679\/revisions"}],"predecessor-version":[{"id":873,"href":"https:\/\/aikikai-faverges.fr\/index.php?rest_route=\/wp\/v2\/pages\/679\/revisions\/873"}],"wp:attachment":[{"href":"https:\/\/aikikai-faverges.fr\/index.php?rest_route=%2Fwp%2Fv2%2Fmedia&parent=679"}],"curies":[{"name":"wp","href":"https:\/\/api.w.org\/{rel}","templated":true}]}}